{"id":3687,"date":"2026-05-13T09:12:03","date_gmt":"2026-05-13T09:12:03","guid":{"rendered":"https:\/\/collinesdeprovence.ch\/?post_type=product&#038;p=3687"},"modified":"2026-05-13T12:27:24","modified_gmt":"2026-05-13T12:27:24","slug":"fleur-de-sakura-parfum-dinterieur","status":"publish","type":"product","link":"https:\/\/collinesdeprovence.ch\/en\/product\/fleur-de-sakura-parfum-dinterieur\/","title":{"rendered":"Sakura Blossom \u2013 Home Fragrance"},"content":{"rendered":"<div id=\"product-description-short-1620\" class=\"rte-content product-description\">\n<p>Sakura Flower Home Fragrance: A floral and fruity scent with notes of cherry blossom and jasmine to create a soft and refined ambiance.<\/p>\n<\/div>\n<div class=\"product-actions\">\n<form id=\"add-to-cart-or-refresh\" action=\"https:\/\/www.collinesdeprovence.com\/panier\" method=\"post\">\n<div class=\"product-variants\"><\/div>\n<p><span class=\"small-h1\">100 ml<\/span><\/p>\n<\/form>\n<\/div>","protected":false},"excerpt":{"rendered":"<p>Parfum d\u2019int\u00e9rieur Fleur de Sakura : une fragrance florale et fruit\u00e9e aux notes de cerisier et de jasmin pour cr\u00e9er une ambiance douce et raffin\u00e9e. 100 ml<\/p>","protected":false},"featured_media":3742,"comment_status":"open","ping_status":"closed","template":"","meta":[],"product_brand":[],"product_cat":[64,167],"product_tag":[],"class_list":{"0":"post-3687","1":"product","2":"type-product","3":"status-publish","4":"has-post-thumbnail","6":"product_cat-parfums-dinterieur","7":"product_cat-sakura","9":"first","10":"instock","11":"taxable","12":"shipping-taxable","13":"purchasable","14":"product-type-simple"},"_links":{"self":[{"href":"https:\/\/collinesdeprovence.ch\/en\/wp-json\/wp\/v2\/product\/3687","targetHints":{"allow":["GET"]}}],"collection":[{"href":"https:\/\/collinesdeprovence.ch\/en\/wp-json\/wp\/v2\/product"}],"about":[{"href":"https:\/\/collinesdeprovence.ch\/en\/wp-json\/wp\/v2\/types\/product"}],"replies":[{"embeddable":true,"href":"https:\/\/collinesdeprovence.ch\/en\/wp-json\/wp\/v2\/comments?post=3687"}],"wp:featuredmedia":[{"embeddable":true,"href":"https:\/\/collinesdeprovence.ch\/en\/wp-json\/wp\/v2\/media\/3742"}],"wp:attachment":[{"href":"https:\/\/collinesdeprovence.ch\/en\/wp-json\/wp\/v2\/media?parent=3687"}],"wp:term":[{"taxonomy":"product_brand","embeddable":true,"href":"https:\/\/collinesdeprovence.ch\/en\/wp-json\/wp\/v2\/product_brand?post=3687"},{"taxonomy":"product_cat","embeddable":true,"href":"https:\/\/collinesdeprovence.ch\/en\/wp-json\/wp\/v2\/product_cat?post=3687"},{"taxonomy":"product_tag","embeddable":true,"href":"https:\/\/collinesdeprovence.ch\/en\/wp-json\/wp\/v2\/product_tag?post=3687"}],"curies":[{"name":"wp","href":"https:\/\/api.w.org\/{rel}","templated":true}]}}